{"id":1138,"date":"2025-06-30T12:05:43","date_gmt":"2025-06-30T10:05:43","guid":{"rendered":"https:\/\/des.alquima.es\/?page_id=1138"},"modified":"2025-06-30T13:34:20","modified_gmt":"2025-06-30T11:34:20","slug":"aviso-legal","status":"publish","type":"page","link":"https:\/\/alquima.es\/en\/aviso-legal\/","title":{"rendered":"Legal Notice"},"content":{"rendered":"<div data-elementor-type=\"wp-page\" data-elementor-id=\"1138\" class=\"elementor elementor-1138\" data-elementor-post-type=\"page\">\n\t\t\t\t<div class=\"elementor-element elementor-element-4baa136e e-flex e-con-boxed e-con e-parent\" data-id=\"4baa136e\" data-element_type=\"container\">\n\t\t\t\t\t<div class=\"e-con-inner\">\n\t\t\t\t<div class=\"elementor-element elementor-element-2523d43a elementor-widget elementor-widget-heading\" data-id=\"2523d43a\" data-element_type=\"widget\" data-widget_type=\"heading.default\">\n\t\t\t\t<div class=\"elementor-widget-container\">\n\t\t\t\t\t<h1 class=\"elementor-heading-title elementor-size-default\">Legal Notice<\/h1>\t\t\t\t<\/div>\n\t\t\t\t<\/div>\n\t\t\t\t<div class=\"elementor-element elementor-element-bc973cb elementor-widget elementor-widget-heading\" data-id=\"bc973cb\" data-element_type=\"widget\" data-widget_type=\"heading.default\">\n\t\t\t\t<div class=\"elementor-widget-container\">\n\t\t\t\t\t<h2 class=\"elementor-heading-title elementor-size-default\">Last updated: [06\/30\/2025].<\/h2>\t\t\t\t<\/div>\n\t\t\t\t<\/div>\n\t\t\t\t\t<\/div>\n\t\t\t\t<\/div>\n\t\t<div class=\"elementor-element elementor-element-711fd697 e-flex e-con-boxed e-con e-parent\" data-id=\"711fd697\" data-element_type=\"container\">\n\t\t\t\t\t<div class=\"e-con-inner\">\n\t\t\t\t<div class=\"elementor-element elementor-element-04ca05c elementor-widget elementor-widget-heading\" data-id=\"04ca05c\" data-element_type=\"widget\" data-widget_type=\"heading.default\">\n\t\t\t\t<div class=\"elementor-widget-container\">\n\t\t\t\t\t<h3 class=\"elementor-heading-title elementor-size-default\">1. Identificaci\u00f3n del titular del sitio web<\/h3>\t\t\t\t<\/div>\n\t\t\t\t<\/div>\n\t\t\t\t<div class=\"elementor-element elementor-element-18c2ccc7 elementor-widget elementor-widget-text-editor\" data-id=\"18c2ccc7\" data-element_type=\"widget\" data-widget_type=\"text-editor.default\">\n\t\t\t\t<div class=\"elementor-widget-container\">\n\t\t\t\t\t\t\t\t\t<p>En cumplimiento de lo establecido en la Ley 34\/2002, de 11 de julio, de Servicios de la Sociedad de la Informaci\u00f3n y de Comercio Electr\u00f3nico (<strong>LSSI-CE<\/strong>), se informa que este sitio web es titularidad de:<\/p><ul><li><strong>Headline:<\/strong> Alquima Activos, S.L.<\/li><li><strong>NIF\/CIF:<\/strong> A28888204<\/li><li><strong>Registered office:<\/strong> Calle Acuarela, 12 28042 Madrid<\/li><li><strong>Phone:<\/strong> 917477883<\/li><li><strong>Contact e-mail address:<\/strong> lml@alquima.es<\/li><li><strong>Website:<\/strong> <a href=\"https:\/\/alquima.es\/en\/\">https:\/\/alquima.es<\/a><\/li><li><strong>Datos registrales:<\/strong> [Tomo 392, Libro 0, Folio 50, Hoja M-7673, Inscripci\u00f3n en el Registro Mercantil de Madrid]<\/li><\/ul>\t\t\t\t\t\t\t\t<\/div>\n\t\t\t\t<\/div>\n\t\t\t\t\t<\/div>\n\t\t\t\t<\/div>\n\t\t<div class=\"elementor-element elementor-element-c45fb70 e-flex e-con-boxed e-con e-parent\" data-id=\"c45fb70\" data-element_type=\"container\">\n\t\t\t\t\t<div class=\"e-con-inner\">\n\t\t\t\t<div class=\"elementor-element elementor-element-fe42ff0 elementor-widget elementor-widget-heading\" data-id=\"fe42ff0\" data-element_type=\"widget\" data-widget_type=\"heading.default\">\n\t\t\t\t<div class=\"elementor-widget-container\">\n\t\t\t\t\t<h3 class=\"elementor-heading-title elementor-size-default\">2. Objeto<\/h3>\t\t\t\t<\/div>\n\t\t\t\t<\/div>\n\t\t\t\t<div class=\"elementor-element elementor-element-b931c60 elementor-widget elementor-widget-text-editor\" data-id=\"b931c60\" data-element_type=\"widget\" data-widget_type=\"text-editor.default\">\n\t\t\t\t<div class=\"elementor-widget-container\">\n\t\t\t\t\t\t\t\t\t<p>El presente Aviso Legal regula las condiciones de acceso, navegaci\u00f3n y uso del sitio web <a href=\"https:\/\/alquima.es\/en\/\">https:\/\/alquima.es<\/a> (en adelante, el \u00abSitio Web\u00bb), as\u00ed como las responsabilidades derivadas de su uso.<\/p><p>Al acceder y navegar por este Sitio Web, usted acepta los t\u00e9rminos y condiciones aqu\u00ed establecidos.<\/p>\t\t\t\t\t\t\t\t<\/div>\n\t\t\t\t<\/div>\n\t\t\t\t\t<\/div>\n\t\t\t\t<\/div>\n\t\t<div class=\"elementor-element elementor-element-f8bd376 e-flex e-con-boxed e-con e-parent\" data-id=\"f8bd376\" data-element_type=\"container\">\n\t\t\t\t\t<div class=\"e-con-inner\">\n\t\t\t\t<div class=\"elementor-element elementor-element-1d52b65 elementor-widget elementor-widget-heading\" data-id=\"1d52b65\" data-element_type=\"widget\" data-widget_type=\"heading.default\">\n\t\t\t\t<div class=\"elementor-widget-container\">\n\t\t\t\t\t<h3 class=\"elementor-heading-title elementor-size-default\">3. Condiciones de uso<\/h3>\t\t\t\t<\/div>\n\t\t\t\t<\/div>\n\t\t\t\t<div class=\"elementor-element elementor-element-b63dc98 elementor-widget elementor-widget-text-editor\" data-id=\"b63dc98\" data-element_type=\"widget\" data-widget_type=\"text-editor.default\">\n\t\t\t\t<div class=\"elementor-widget-container\">\n\t\t\t\t\t\t\t\t\t<p>El Usuario se compromete a:<\/p><ul><li>Hacer un uso l\u00edcito, adecuado y responsable del Sitio Web y de sus contenidos.<\/li><li>No utilizar el Sitio Web para fines fraudulentos o contrarios a la legislaci\u00f3n vigente.<\/li><li>No provocar da\u00f1os en los sistemas de Alquima Activos ni introducir virus, malware o cualquier software perjudicial.<\/li><\/ul>\t\t\t\t\t\t\t\t<\/div>\n\t\t\t\t<\/div>\n\t\t\t\t\t<\/div>\n\t\t\t\t<\/div>\n\t\t<div class=\"elementor-element elementor-element-02d5c4b e-flex e-con-boxed e-con e-parent\" data-id=\"02d5c4b\" data-element_type=\"container\">\n\t\t\t\t\t<div class=\"e-con-inner\">\n\t\t\t\t<div class=\"elementor-element elementor-element-47fcd3b elementor-widget elementor-widget-heading\" data-id=\"47fcd3b\" data-element_type=\"widget\" data-widget_type=\"heading.default\">\n\t\t\t\t<div class=\"elementor-widget-container\">\n\t\t\t\t\t<h3 class=\"elementor-heading-title elementor-size-default\">4. Propiedad intelectual e industrial<\/h3>\t\t\t\t<\/div>\n\t\t\t\t<\/div>\n\t\t\t\t<div class=\"elementor-element elementor-element-6799d8d elementor-widget elementor-widget-text-editor\" data-id=\"6799d8d\" data-element_type=\"widget\" data-widget_type=\"text-editor.default\">\n\t\t\t\t<div class=\"elementor-widget-container\">\n\t\t\t\t\t\t\t\t\t<p>Todos los contenidos del Sitio Web (textos, im\u00e1genes, dise\u00f1os, logotipos, v\u00eddeos, software, c\u00f3digo fuente, etc.) son propiedad de Alquima Activos o de terceros que han autorizado su uso.<\/p><p>Queda prohibida la reproducci\u00f3n, distribuci\u00f3n, comunicaci\u00f3n p\u00fablica o transformaci\u00f3n de los contenidos sin la autorizaci\u00f3n expresa y por escrito de los titulares de los derechos.<\/p>\t\t\t\t\t\t\t\t<\/div>\n\t\t\t\t<\/div>\n\t\t\t\t\t<\/div>\n\t\t\t\t<\/div>\n\t\t<div class=\"elementor-element elementor-element-581a84d e-flex e-con-boxed e-con e-parent\" data-id=\"581a84d\" data-element_type=\"container\">\n\t\t\t\t\t<div class=\"e-con-inner\">\n\t\t\t\t<div class=\"elementor-element elementor-element-29974c5 elementor-widget elementor-widget-heading\" data-id=\"29974c5\" data-element_type=\"widget\" data-widget_type=\"heading.default\">\n\t\t\t\t<div class=\"elementor-widget-container\">\n\t\t\t\t\t<h3 class=\"elementor-heading-title elementor-size-default\">5. Responsabilidad<\/h3>\t\t\t\t<\/div>\n\t\t\t\t<\/div>\n\t\t\t\t<div class=\"elementor-element elementor-element-497c176 elementor-widget elementor-widget-text-editor\" data-id=\"497c176\" data-element_type=\"widget\" data-widget_type=\"text-editor.default\">\n\t\t\t\t<div class=\"elementor-widget-container\">\n\t\t\t\t\t\t\t\t\t<p>Alquima Activos no garantiza:<\/p><ul><li>La disponibilidad continua del Sitio Web o de sus contenidos.<\/li><li>La ausencia de virus u otros elementos da\u00f1inos.<\/li><li>La exactitud, integridad o actualidad de los contenidos.<\/li><\/ul><p>El uso del Sitio Web se realiza bajo la exclusiva responsabilidad del Usuario. Alquima Activos no ser\u00e1 responsable de da\u00f1os o perjuicios derivados del acceso o uso de este Sitio Web.<\/p>\t\t\t\t\t\t\t\t<\/div>\n\t\t\t\t<\/div>\n\t\t\t\t\t<\/div>\n\t\t\t\t<\/div>\n\t\t<div class=\"elementor-element elementor-element-a740c58 e-flex e-con-boxed e-con e-parent\" data-id=\"a740c58\" data-element_type=\"container\">\n\t\t\t\t\t<div class=\"e-con-inner\">\n\t\t\t\t<div class=\"elementor-element elementor-element-cd68616 elementor-widget elementor-widget-heading\" data-id=\"cd68616\" data-element_type=\"widget\" data-widget_type=\"heading.default\">\n\t\t\t\t<div class=\"elementor-widget-container\">\n\t\t\t\t\t<h3 class=\"elementor-heading-title elementor-size-default\">6. Enlaces a sitios de terceros<\/h3>\t\t\t\t<\/div>\n\t\t\t\t<\/div>\n\t\t\t\t<div class=\"elementor-element elementor-element-6ed25db elementor-widget elementor-widget-text-editor\" data-id=\"6ed25db\" data-element_type=\"widget\" data-widget_type=\"text-editor.default\">\n\t\t\t\t<div class=\"elementor-widget-container\">\n\t\t\t\t\t\t\t\t\t<p>El Sitio Web puede contener enlaces a p\u00e1ginas externas gestionadas por terceros. Alquima Activos no se responsabiliza de los contenidos, disponibilidad, ni de los posibles da\u00f1os que pudieran derivarse del acceso a dichos sitios.<\/p><p>La inclusi\u00f3n de estos enlaces no implica relaci\u00f3n, recomendaci\u00f3n ni aprobaci\u00f3n por parte de Alquima Activos.<\/p>\t\t\t\t\t\t\t\t<\/div>\n\t\t\t\t<\/div>\n\t\t\t\t\t<\/div>\n\t\t\t\t<\/div>\n\t\t<div class=\"elementor-element elementor-element-512e4c2 e-flex e-con-boxed e-con e-parent\" data-id=\"512e4c2\" data-element_type=\"container\">\n\t\t\t\t\t<div class=\"e-con-inner\">\n\t\t\t\t<div class=\"elementor-element elementor-element-9f26feb elementor-widget elementor-widget-heading\" data-id=\"9f26feb\" data-element_type=\"widget\" data-widget_type=\"heading.default\">\n\t\t\t\t<div class=\"elementor-widget-container\">\n\t\t\t\t\t<h3 class=\"elementor-heading-title elementor-size-default\">7. Protecci\u00f3n de datos personales<\/h3>\t\t\t\t<\/div>\n\t\t\t\t<\/div>\n\t\t\t\t<div class=\"elementor-element elementor-element-22ac0f7 elementor-widget elementor-widget-text-editor\" data-id=\"22ac0f7\" data-element_type=\"widget\" data-widget_type=\"text-editor.default\">\n\t\t\t\t<div class=\"elementor-widget-container\">\n\t\t\t\t\t\t\t\t\t<p>El tratamiento de datos personales que se realice a trav\u00e9s de este Sitio Web se regir\u00e1 por lo establecido en nuestra <strong>Privacy policy<\/strong>, que se puede consultar en el siguiente enlace: <a href=\"https:\/\/alquima.es\/en\/politica-de-privacidad\/\">Privacy policy<\/a><\/p>\t\t\t\t\t\t\t\t<\/div>\n\t\t\t\t<\/div>\n\t\t\t\t\t<\/div>\n\t\t\t\t<\/div>\n\t\t<div class=\"elementor-element elementor-element-146ffc3 e-flex e-con-boxed e-con e-parent\" data-id=\"146ffc3\" data-element_type=\"container\">\n\t\t\t\t\t<div class=\"e-con-inner\">\n\t\t\t\t<div class=\"elementor-element elementor-element-1cdb191 elementor-widget elementor-widget-heading\" data-id=\"1cdb191\" data-element_type=\"widget\" data-widget_type=\"heading.default\">\n\t\t\t\t<div class=\"elementor-widget-container\">\n\t\t\t\t\t<h3 class=\"elementor-heading-title elementor-size-default\">8. Uso de cookies<\/h3>\t\t\t\t<\/div>\n\t\t\t\t<\/div>\n\t\t\t\t<div class=\"elementor-element elementor-element-2729172 elementor-widget elementor-widget-text-editor\" data-id=\"2729172\" data-element_type=\"widget\" data-widget_type=\"text-editor.default\">\n\t\t\t\t<div class=\"elementor-widget-container\">\n\t\t\t\t\t\t\t\t\t<p>Este Sitio Web utiliza cookies propias y de terceros. Puede consultar informaci\u00f3n detallada sobre el uso de cookies en nuestra <strong>Cookie policy<\/strong>, disponible en el siguiente enlace: <a href=\"https:\/\/alquima.es\/en\/politica-de-cookies\/\">Cookie policy<\/a><\/p>\t\t\t\t\t\t\t\t<\/div>\n\t\t\t\t<\/div>\n\t\t\t\t\t<\/div>\n\t\t\t\t<\/div>\n\t\t<div class=\"elementor-element elementor-element-f6d78c7 e-flex e-con-boxed e-con e-parent\" data-id=\"f6d78c7\" data-element_type=\"container\">\n\t\t\t\t\t<div class=\"e-con-inner\">\n\t\t\t\t<div class=\"elementor-element elementor-element-49ff9d2 elementor-widget elementor-widget-heading\" data-id=\"49ff9d2\" data-element_type=\"widget\" data-widget_type=\"heading.default\">\n\t\t\t\t<div class=\"elementor-widget-container\">\n\t\t\t\t\t<h3 class=\"elementor-heading-title elementor-size-default\">9. Modificaciones<\/h3>\t\t\t\t<\/div>\n\t\t\t\t<\/div>\n\t\t\t\t<div class=\"elementor-element elementor-element-90b4840 elementor-widget elementor-widget-text-editor\" data-id=\"90b4840\" data-element_type=\"widget\" data-widget_type=\"text-editor.default\">\n\t\t\t\t<div class=\"elementor-widget-container\">\n\t\t\t\t\t\t\t\t\t<p>Alquima Activos se reserva el derecho de modificar, en cualquier momento y sin previo aviso, la presentaci\u00f3n, configuraci\u00f3n y contenidos del Sitio Web, as\u00ed como las condiciones de acceso y\/o uso.<\/p>\t\t\t\t\t\t\t\t<\/div>\n\t\t\t\t<\/div>\n\t\t\t\t\t<\/div>\n\t\t\t\t<\/div>\n\t\t<div class=\"elementor-element elementor-element-5a7fecf e-flex e-con-boxed e-con e-parent\" data-id=\"5a7fecf\" data-element_type=\"container\">\n\t\t\t\t\t<div class=\"e-con-inner\">\n\t\t\t\t<div class=\"elementor-element elementor-element-e13b2ec elementor-widget elementor-widget-heading\" data-id=\"e13b2ec\" data-element_type=\"widget\" data-widget_type=\"heading.default\">\n\t\t\t\t<div class=\"elementor-widget-container\">\n\t\t\t\t\t<h3 class=\"elementor-heading-title elementor-size-default\">10. Legislaci\u00f3n aplicable y jurisdicci\u00f3n<\/h3>\t\t\t\t<\/div>\n\t\t\t\t<\/div>\n\t\t\t\t<div class=\"elementor-element elementor-element-0497a8a elementor-widget elementor-widget-text-editor\" data-id=\"0497a8a\" data-element_type=\"widget\" data-widget_type=\"text-editor.default\">\n\t\t\t\t<div class=\"elementor-widget-container\">\n\t\t\t\t\t\t\t\t\t<p>El presente Aviso Legal se rige por la legislaci\u00f3n espa\u00f1ola. En caso de conflicto, las partes se someter\u00e1n a los Juzgados y Tribunales de Madrid, salvo que la normativa de protecci\u00f3n de consumidores y usuarios disponga otro fuero.<\/p>\t\t\t\t\t\t\t\t<\/div>\n\t\t\t\t<\/div>\n\t\t\t\t\t<\/div>\n\t\t\t\t<\/div>\n\t\t\t\t<\/div>","protected":false},"excerpt":{"rendered":"<p>Aviso Legal \u00daltima actualizaci\u00f3n: [30\/06\/2025] 1. Identificaci\u00f3n del titular del sitio web En cumplimiento de lo establecido en la Ley 34\/2002, de 11 de julio, de Servicios de la Sociedad de la Informaci\u00f3n y de Comercio Electr\u00f3nico (LSSI-CE), se informa que este sitio web es titularidad de: Titular: Alquima Activos, S.L. NIF\/CIF: A28888204 Domicilio social: [&hellip;]<\/p>","protected":false},"author":1,"featured_media":0,"parent":0,"menu_order":0,"comment_status":"closed","ping_status":"closed","template":"","meta":{"footnotes":""},"class_list":["post-1138","page","type-page","status-publish","hentry"],"yoast_head":"<!-- This site is optimized with the Yoast SEO plugin v26.4 - https:\/\/yoast.com\/wordpress\/plugins\/seo\/ -->\n<title>Aviso Legal - Alquima<\/title>\n<meta name=\"robots\" content=\"index, follow, max-snippet:-1, max-image-preview:large, max-video-preview:-1\" \/>\n<link rel=\"canonical\" href=\"https:\/\/alquima.es\/en\/aviso-legal\/\" \/>\n<meta property=\"og:locale\" content=\"en_US\" \/>\n<meta property=\"og:type\" content=\"article\" \/>\n<meta property=\"og:title\" content=\"Aviso Legal - Alquima\" \/>\n<meta property=\"og:description\" content=\"Aviso Legal \u00daltima actualizaci\u00f3n: [30\/06\/2025] 1. Identificaci\u00f3n del titular del sitio web En cumplimiento de lo establecido en la Ley 34\/2002, de 11 de julio, de Servicios de la Sociedad de la Informaci\u00f3n y de Comercio Electr\u00f3nico (LSSI-CE), se informa que este sitio web es titularidad de: Titular: Alquima Activos, S.L. NIF\/CIF: A28888204 Domicilio social: [&hellip;]\" \/>\n<meta property=\"og:url\" content=\"https:\/\/alquima.es\/en\/aviso-legal\/\" \/>\n<meta property=\"og:site_name\" content=\"Alquima\" \/>\n<meta property=\"article:modified_time\" content=\"2025-06-30T11:34:20+00:00\" \/>\n<meta name=\"twitter:card\" content=\"summary_large_image\" \/>\n<meta name=\"twitter:label1\" content=\"Est. reading time\" \/>\n\t<meta name=\"twitter:data1\" content=\"3 minutes\" \/>\n<script type=\"application\/ld+json\" class=\"yoast-schema-graph\">{\"@context\":\"https:\/\/schema.org\",\"@graph\":[{\"@type\":\"WebPage\",\"@id\":\"https:\/\/alquima.es\/aviso-legal\/\",\"url\":\"https:\/\/alquima.es\/aviso-legal\/\",\"name\":\"Aviso Legal - Alquima\",\"isPartOf\":{\"@id\":\"https:\/\/alquima.es\/#website\"},\"datePublished\":\"2025-06-30T10:05:43+00:00\",\"dateModified\":\"2025-06-30T11:34:20+00:00\",\"breadcrumb\":{\"@id\":\"https:\/\/alquima.es\/aviso-legal\/#breadcrumb\"},\"inLanguage\":\"en-US\",\"potentialAction\":[{\"@type\":\"ReadAction\",\"target\":[\"https:\/\/alquima.es\/aviso-legal\/\"]}]},{\"@type\":\"BreadcrumbList\",\"@id\":\"https:\/\/alquima.es\/aviso-legal\/#breadcrumb\",\"itemListElement\":[{\"@type\":\"ListItem\",\"position\":1,\"name\":\"Portada\",\"item\":\"https:\/\/alquima.es\/\"},{\"@type\":\"ListItem\",\"position\":2,\"name\":\"Aviso Legal\"}]},{\"@type\":\"WebSite\",\"@id\":\"https:\/\/alquima.es\/#website\",\"url\":\"https:\/\/alquima.es\/\",\"name\":\"Alquima\",\"description\":\"\",\"publisher\":{\"@id\":\"https:\/\/alquima.es\/#organization\"},\"potentialAction\":[{\"@type\":\"SearchAction\",\"target\":{\"@type\":\"EntryPoint\",\"urlTemplate\":\"https:\/\/alquima.es\/?s={search_term_string}\"},\"query-input\":{\"@type\":\"PropertyValueSpecification\",\"valueRequired\":true,\"valueName\":\"search_term_string\"}}],\"inLanguage\":\"en-US\"},{\"@type\":\"Organization\",\"@id\":\"https:\/\/alquima.es\/#organization\",\"name\":\"Alquima\",\"url\":\"https:\/\/alquima.es\/\",\"logo\":{\"@type\":\"ImageObject\",\"inLanguage\":\"en-US\",\"@id\":\"https:\/\/alquima.es\/#\/schema\/logo\/image\/\",\"url\":\"https:\/\/des.alquima.es\/wp-content\/uploads\/2025\/02\/logo1.png\",\"contentUrl\":\"https:\/\/des.alquima.es\/wp-content\/uploads\/2025\/02\/logo1.png\",\"width\":893,\"height\":99,\"caption\":\"Alquima\"},\"image\":{\"@id\":\"https:\/\/alquima.es\/#\/schema\/logo\/image\/\"}}]}<\/script>\n<!-- \/ Yoast SEO plugin. -->","yoast_head_json":{"title":"Aviso Legal - Alquima","robots":{"index":"index","follow":"follow","max-snippet":"max-snippet:-1","max-image-preview":"max-image-preview:large","max-video-preview":"max-video-preview:-1"},"canonical":"https:\/\/alquima.es\/en\/aviso-legal\/","og_locale":"en_US","og_type":"article","og_title":"Aviso Legal - Alquima","og_description":"Aviso Legal \u00daltima actualizaci\u00f3n: [30\/06\/2025] 1. Identificaci\u00f3n del titular del sitio web En cumplimiento de lo establecido en la Ley 34\/2002, de 11 de julio, de Servicios de la Sociedad de la Informaci\u00f3n y de Comercio Electr\u00f3nico (LSSI-CE), se informa que este sitio web es titularidad de: Titular: Alquima Activos, S.L. NIF\/CIF: A28888204 Domicilio social: [&hellip;]","og_url":"https:\/\/alquima.es\/en\/aviso-legal\/","og_site_name":"Alquima","article_modified_time":"2025-06-30T11:34:20+00:00","twitter_card":"summary_large_image","twitter_misc":{"Est. reading time":"3 minutes"},"schema":{"@context":"https:\/\/schema.org","@graph":[{"@type":"WebPage","@id":"https:\/\/alquima.es\/aviso-legal\/","url":"https:\/\/alquima.es\/aviso-legal\/","name":"Aviso Legal - Alquima","isPartOf":{"@id":"https:\/\/alquima.es\/#website"},"datePublished":"2025-06-30T10:05:43+00:00","dateModified":"2025-06-30T11:34:20+00:00","breadcrumb":{"@id":"https:\/\/alquima.es\/aviso-legal\/#breadcrumb"},"inLanguage":"en-US","potentialAction":[{"@type":"ReadAction","target":["https:\/\/alquima.es\/aviso-legal\/"]}]},{"@type":"BreadcrumbList","@id":"https:\/\/alquima.es\/aviso-legal\/#breadcrumb","itemListElement":[{"@type":"ListItem","position":1,"name":"Portada","item":"https:\/\/alquima.es\/"},{"@type":"ListItem","position":2,"name":"Aviso Legal"}]},{"@type":"WebSite","@id":"https:\/\/alquima.es\/#website","url":"https:\/\/alquima.es\/","name":"Alquima","description":"","publisher":{"@id":"https:\/\/alquima.es\/#organization"},"potentialAction":[{"@type":"SearchAction","target":{"@type":"EntryPoint","urlTemplate":"https:\/\/alquima.es\/?s={search_term_string}"},"query-input":{"@type":"PropertyValueSpecification","valueRequired":true,"valueName":"search_term_string"}}],"inLanguage":"en-US"},{"@type":"Organization","@id":"https:\/\/alquima.es\/#organization","name":"Alquima","url":"https:\/\/alquima.es\/","logo":{"@type":"ImageObject","inLanguage":"en-US","@id":"https:\/\/alquima.es\/#\/schema\/logo\/image\/","url":"https:\/\/des.alquima.es\/wp-content\/uploads\/2025\/02\/logo1.png","contentUrl":"https:\/\/des.alquima.es\/wp-content\/uploads\/2025\/02\/logo1.png","width":893,"height":99,"caption":"Alquima"},"image":{"@id":"https:\/\/alquima.es\/#\/schema\/logo\/image\/"}}]}},"_links":{"self":[{"href":"https:\/\/alquima.es\/en\/wp-json\/wp\/v2\/pages\/1138","targetHints":{"allow":["GET"]}}],"collection":[{"href":"https:\/\/alquima.es\/en\/wp-json\/wp\/v2\/pages"}],"about":[{"href":"https:\/\/alquima.es\/en\/wp-json\/wp\/v2\/types\/page"}],"author":[{"embeddable":true,"href":"https:\/\/alquima.es\/en\/wp-json\/wp\/v2\/users\/1"}],"replies":[{"embeddable":true,"href":"https:\/\/alquima.es\/en\/wp-json\/wp\/v2\/comments?post=1138"}],"version-history":[{"count":16,"href":"https:\/\/alquima.es\/en\/wp-json\/wp\/v2\/pages\/1138\/revisions"}],"predecessor-version":[{"id":1191,"href":"https:\/\/alquima.es\/en\/wp-json\/wp\/v2\/pages\/1138\/revisions\/1191"}],"wp:attachment":[{"href":"https:\/\/alquima.es\/en\/wp-json\/wp\/v2\/media?parent=1138"}],"curies":[{"name":"wp","href":"https:\/\/api.w.org\/{rel}","templated":true}]}}