{"id":1140,"date":"2025-06-30T12:06:14","date_gmt":"2025-06-30T10:06:14","guid":{"rendered":"https:\/\/des.alquima.es\/?page_id=1140"},"modified":"2025-06-30T12:59:00","modified_gmt":"2025-06-30T10:59:00","slug":"politica-de-cookies","status":"publish","type":"page","link":"https:\/\/alquima.es\/en\/politica-de-cookies\/","title":{"rendered":"Cookie policy"},"content":{"rendered":"<div data-elementor-type=\"wp-page\" data-elementor-id=\"1140\" class=\"elementor elementor-1140\" data-elementor-post-type=\"page\">\n\t\t\t\t<div class=\"elementor-element elementor-element-2b9d685a e-flex e-con-boxed e-con e-parent\" data-id=\"2b9d685a\" data-element_type=\"container\">\n\t\t\t\t\t<div class=\"e-con-inner\">\n\t\t\t\t<div class=\"elementor-element elementor-element-73b42463 elementor-widget elementor-widget-heading\" data-id=\"73b42463\" data-element_type=\"widget\" data-widget_type=\"heading.default\">\n\t\t\t\t<div class=\"elementor-widget-container\">\n\t\t\t\t\t<h1 class=\"elementor-heading-title elementor-size-default\">Cookie policy<\/h1>\t\t\t\t<\/div>\n\t\t\t\t<\/div>\n\t\t\t\t<div class=\"elementor-element elementor-element-1b2d78d9 elementor-widget elementor-widget-heading\" data-id=\"1b2d78d9\" data-element_type=\"widget\" data-widget_type=\"heading.default\">\n\t\t\t\t<div class=\"elementor-widget-container\">\n\t\t\t\t\t<h2 class=\"elementor-heading-title elementor-size-default\">Last updated: [06\/30\/2025].<\/h2>\t\t\t\t<\/div>\n\t\t\t\t<\/div>\n\t\t\t\t\t<\/div>\n\t\t\t\t<\/div>\n\t\t<div class=\"elementor-element elementor-element-2f90898c e-flex e-con-boxed e-con e-parent\" data-id=\"2f90898c\" data-element_type=\"container\">\n\t\t\t\t\t<div class=\"e-con-inner\">\n\t\t\t\t<div class=\"elementor-element elementor-element-2e30f81a elementor-widget elementor-widget-heading\" data-id=\"2e30f81a\" data-element_type=\"widget\" data-widget_type=\"heading.default\">\n\t\t\t\t<div class=\"elementor-widget-container\">\n\t\t\t\t\t<h3 class=\"elementor-heading-title elementor-size-default\">1. \u00bfQu\u00e9 son las cookies?<\/h3>\t\t\t\t<\/div>\n\t\t\t\t<\/div>\n\t\t\t\t<div class=\"elementor-element elementor-element-534241e2 elementor-widget elementor-widget-text-editor\" data-id=\"534241e2\" data-element_type=\"widget\" data-widget_type=\"text-editor.default\">\n\t\t\t\t<div class=\"elementor-widget-container\">\n\t\t\t\t\t\t\t\t\t<p>Las cookies son peque\u00f1os archivos de texto que se almacenan en tu dispositivo al visitar un sitio web. Permiten, por ejemplo, garantizar el correcto funcionamiento de la p\u00e1gina, facilitar la navegaci\u00f3n o recordar configuraciones b\u00e1sicas.<\/p>\t\t\t\t\t\t\t\t<\/div>\n\t\t\t\t<\/div>\n\t\t\t\t\t<\/div>\n\t\t\t\t<\/div>\n\t\t<div class=\"elementor-element elementor-element-35c62987 e-flex e-con-boxed e-con e-parent\" data-id=\"35c62987\" data-element_type=\"container\">\n\t\t\t\t\t<div class=\"e-con-inner\">\n\t\t\t\t<div class=\"elementor-element elementor-element-50c31525 elementor-widget elementor-widget-heading\" data-id=\"50c31525\" data-element_type=\"widget\" data-widget_type=\"heading.default\">\n\t\t\t\t<div class=\"elementor-widget-container\">\n\t\t\t\t\t<h3 class=\"elementor-heading-title elementor-size-default\">2. \u00bfQu\u00e9 tipos de cookies utiliza esta web?<\/h3>\t\t\t\t<\/div>\n\t\t\t\t<\/div>\n\t\t\t\t<div class=\"elementor-element elementor-element-79455935 elementor-widget elementor-widget-text-editor\" data-id=\"79455935\" data-element_type=\"widget\" data-widget_type=\"text-editor.default\">\n\t\t\t\t<div class=\"elementor-widget-container\">\n\t\t\t\t\t\t\t\t\t<p>En <a href=\"https:\/\/alquima.es\/en\/\"><strong>https:\/\/alquima.es<\/strong><\/a> \u00fanicamente se utilizan cookies <strong>t\u00e9cnicas<\/strong> estrictamente necesarias para permitir:<\/p><ul><li>La navegaci\u00f3n por el sitio web.<\/li><li>El acceso a \u00e1reas seguras.<\/li><li>El correcto funcionamiento de los formularios.<\/li><\/ul><p>Estas cookies no requieren tu consentimiento al ser imprescindibles para el funcionamiento de la web.<\/p><p><strong>No se utilizan cookies de an\u00e1lisis, personalizaci\u00f3n ni publicidad.<\/strong><\/p>\t\t\t\t\t\t\t\t<\/div>\n\t\t\t\t<\/div>\n\t\t\t\t\t<\/div>\n\t\t\t\t<\/div>\n\t\t<div class=\"elementor-element elementor-element-bc10da1 e-flex e-con-boxed e-con e-parent\" data-id=\"bc10da1\" data-element_type=\"container\">\n\t\t\t\t\t<div class=\"e-con-inner\">\n\t\t\t\t<div class=\"elementor-element elementor-element-1efd27d8 elementor-widget elementor-widget-heading\" data-id=\"1efd27d8\" data-element_type=\"widget\" data-widget_type=\"heading.default\">\n\t\t\t\t<div class=\"elementor-widget-container\">\n\t\t\t\t\t<h3 class=\"elementor-heading-title elementor-size-default\">3. \u00bfC\u00f3mo gestionar o eliminar las cookies?<\/h3>\t\t\t\t<\/div>\n\t\t\t\t<\/div>\n\t\t\t\t<div class=\"elementor-element elementor-element-c8c7d3f elementor-widget elementor-widget-text-editor\" data-id=\"c8c7d3f\" data-element_type=\"widget\" data-widget_type=\"text-editor.default\">\n\t\t\t\t<div class=\"elementor-widget-container\">\n\t\t\t\t\t\t\t\t\t<p>Puedes configurar o eliminar las cookies t\u00e9cnicas desde los ajustes de tu navegador. Sin embargo, ten en cuenta que desactivarlas podr\u00eda afectar al funcionamiento correcto del sitio web.<\/p><p>Enlaces para gestionar cookies en los navegadores m\u00e1s comunes:<\/p><ul><li><a href=\"https:\/\/support.google.com\/chrome\/answer\/95647\">Google Chrome<\/a><\/li><li><a href=\"https:\/\/support.mozilla.org\/es\/kb\/habilitar-y-deshabilitar-cookies\">Mozilla Firefox<\/a><\/li><li><a href=\"https:\/\/support.apple.com\/es-es\/guide\/safari\/sfri11471\/mac\">Safari<\/a><\/li><li><a href=\"https:\/\/support.microsoft.com\/es-es\/help\/4027947\/windows-delete-cookies\">Microsoft Edge<\/a><\/li><\/ul>\t\t\t\t\t\t\t\t<\/div>\n\t\t\t\t<\/div>\n\t\t\t\t\t<\/div>\n\t\t\t\t<\/div>\n\t\t<div class=\"elementor-element elementor-element-7f95585e e-flex e-con-boxed e-con e-parent\" data-id=\"7f95585e\" data-element_type=\"container\">\n\t\t\t\t\t<div class=\"e-con-inner\">\n\t\t\t\t<div class=\"elementor-element elementor-element-10a629c1 elementor-widget elementor-widget-heading\" data-id=\"10a629c1\" data-element_type=\"widget\" data-widget_type=\"heading.default\">\n\t\t\t\t<div class=\"elementor-widget-container\">\n\t\t\t\t\t<h3 class=\"elementor-heading-title elementor-size-default\">4. \u00bfQui\u00e9n utiliza la informaci\u00f3n de las cookies?<\/h3>\t\t\t\t<\/div>\n\t\t\t\t<\/div>\n\t\t\t\t<div class=\"elementor-element elementor-element-72a0d8d5 elementor-widget elementor-widget-text-editor\" data-id=\"72a0d8d5\" data-element_type=\"widget\" data-widget_type=\"text-editor.default\">\n\t\t\t\t<div class=\"elementor-widget-container\">\n\t\t\t\t\t\t\t\t\t<p>La informaci\u00f3n recabada a trav\u00e9s de las cookies t\u00e9cnicas es tratada exclusivamente por <strong>Alquima Activos, S.L.<\/strong>, y no se comparte con terceros.<\/p>\t\t\t\t\t\t\t\t<\/div>\n\t\t\t\t<\/div>\n\t\t\t\t\t<\/div>\n\t\t\t\t<\/div>\n\t\t<div class=\"elementor-element elementor-element-806f2e1 e-flex e-con-boxed e-con e-parent\" data-id=\"806f2e1\" data-element_type=\"container\">\n\t\t\t\t\t<div class=\"e-con-inner\">\n\t\t\t\t<div class=\"elementor-element elementor-element-e00b385 elementor-widget elementor-widget-heading\" data-id=\"e00b385\" data-element_type=\"widget\" data-widget_type=\"heading.default\">\n\t\t\t\t<div class=\"elementor-widget-container\">\n\t\t\t\t\t<h3 class=\"elementor-heading-title elementor-size-default\">5. Actualizaci\u00f3n de la Pol\u00edtica de Cookies<\/h3>\t\t\t\t<\/div>\n\t\t\t\t<\/div>\n\t\t\t\t<div class=\"elementor-element elementor-element-59a45d3 elementor-widget elementor-widget-text-editor\" data-id=\"59a45d3\" data-element_type=\"widget\" data-widget_type=\"text-editor.default\">\n\t\t\t\t<div class=\"elementor-widget-container\">\n\t\t\t\t\t\t\t\t\t<p>Esta Pol\u00edtica puede modificarse si se introducen nuevos tipos de cookies o si se producen cambios legales o t\u00e9cnicos. Te recomendamos consultarla peri\u00f3dicamente.<\/p>\t\t\t\t\t\t\t\t<\/div>\n\t\t\t\t<\/div>\n\t\t\t\t\t<\/div>\n\t\t\t\t<\/div>\n\t\t<div class=\"elementor-element elementor-element-aab33be e-flex e-con-boxed e-con e-parent\" data-id=\"aab33be\" data-element_type=\"container\">\n\t\t\t\t\t<div class=\"e-con-inner\">\n\t\t\t\t<div class=\"elementor-element elementor-element-09e8d3d elementor-widget elementor-widget-heading\" data-id=\"09e8d3d\" data-element_type=\"widget\" data-widget_type=\"heading.default\">\n\t\t\t\t<div class=\"elementor-widget-container\">\n\t\t\t\t\t<h3 class=\"elementor-heading-title elementor-size-default\">6. M\u00e1s informaci\u00f3n<\/h3>\t\t\t\t<\/div>\n\t\t\t\t<\/div>\n\t\t\t\t<div class=\"elementor-element elementor-element-613fc17 elementor-widget elementor-widget-text-editor\" data-id=\"613fc17\" data-element_type=\"widget\" data-widget_type=\"text-editor.default\">\n\t\t\t\t<div class=\"elementor-widget-container\">\n\t\t\t\t\t\t\t\t\t<p>Para m\u00e1s detalles sobre c\u00f3mo tratamos tus datos personales, puedes consultar nuestra <a href=\"https:\/\/alquima.es\/en\/politica-de-privacidad\/\"><strong>Privacy policy<\/strong><\/a>.<\/p>\t\t\t\t\t\t\t\t<\/div>\n\t\t\t\t<\/div>\n\t\t\t\t\t<\/div>\n\t\t\t\t<\/div>\n\t\t\t\t<\/div>","protected":false},"excerpt":{"rendered":"<p>Pol\u00edtica de Cookies \u00daltima actualizaci\u00f3n: [30\/06\/2025] 1. \u00bfQu\u00e9 son las cookies? Las cookies son peque\u00f1os archivos de texto que se almacenan en tu dispositivo al visitar un sitio web. Permiten, por ejemplo, garantizar el correcto funcionamiento de la p\u00e1gina, facilitar la navegaci\u00f3n o recordar configuraciones b\u00e1sicas. 2. \u00bfQu\u00e9 tipos de cookies utiliza esta web? En [&hellip;]<\/p>","protected":false},"author":1,"featured_media":0,"parent":0,"menu_order":0,"comment_status":"closed","ping_status":"closed","template":"","meta":{"footnotes":""},"class_list":["post-1140","page","type-page","status-publish","hentry"],"yoast_head":"<!-- This site is optimized with the Yoast SEO plugin v26.4 - https:\/\/yoast.com\/wordpress\/plugins\/seo\/ -->\n<title>Pol\u00edtica de Cookies - Alquima<\/title>\n<meta name=\"robots\" content=\"index, follow, max-snippet:-1, max-image-preview:large, max-video-preview:-1\" \/>\n<link rel=\"canonical\" href=\"https:\/\/alquima.es\/en\/politica-de-cookies\/\" \/>\n<meta property=\"og:locale\" content=\"en_US\" \/>\n<meta property=\"og:type\" content=\"article\" \/>\n<meta property=\"og:title\" content=\"Pol\u00edtica de Cookies - Alquima\" \/>\n<meta property=\"og:description\" content=\"Pol\u00edtica de Cookies \u00daltima actualizaci\u00f3n: [30\/06\/2025] 1. \u00bfQu\u00e9 son las cookies? Las cookies son peque\u00f1os archivos de texto que se almacenan en tu dispositivo al visitar un sitio web. Permiten, por ejemplo, garantizar el correcto funcionamiento de la p\u00e1gina, facilitar la navegaci\u00f3n o recordar configuraciones b\u00e1sicas. 2. \u00bfQu\u00e9 tipos de cookies utiliza esta web? En [&hellip;]\" \/>\n<meta property=\"og:url\" content=\"https:\/\/alquima.es\/en\/politica-de-cookies\/\" \/>\n<meta property=\"og:site_name\" content=\"Alquima\" \/>\n<meta property=\"article:modified_time\" content=\"2025-06-30T10:59:00+00:00\" \/>\n<meta name=\"twitter:card\" content=\"summary_large_image\" \/>\n<script type=\"application\/ld+json\" class=\"yoast-schema-graph\">{\"@context\":\"https:\/\/schema.org\",\"@graph\":[{\"@type\":\"WebPage\",\"@id\":\"https:\/\/alquima.es\/politica-de-cookies\/\",\"url\":\"https:\/\/alquima.es\/politica-de-cookies\/\",\"name\":\"Pol\u00edtica de Cookies - Alquima\",\"isPartOf\":{\"@id\":\"https:\/\/alquima.es\/#website\"},\"datePublished\":\"2025-06-30T10:06:14+00:00\",\"dateModified\":\"2025-06-30T10:59:00+00:00\",\"breadcrumb\":{\"@id\":\"https:\/\/alquima.es\/politica-de-cookies\/#breadcrumb\"},\"inLanguage\":\"en-US\",\"potentialAction\":[{\"@type\":\"ReadAction\",\"target\":[\"https:\/\/alquima.es\/politica-de-cookies\/\"]}]},{\"@type\":\"BreadcrumbList\",\"@id\":\"https:\/\/alquima.es\/politica-de-cookies\/#breadcrumb\",\"itemListElement\":[{\"@type\":\"ListItem\",\"position\":1,\"name\":\"Portada\",\"item\":\"https:\/\/alquima.es\/\"},{\"@type\":\"ListItem\",\"position\":2,\"name\":\"Pol\u00edtica de Cookies\"}]},{\"@type\":\"WebSite\",\"@id\":\"https:\/\/alquima.es\/#website\",\"url\":\"https:\/\/alquima.es\/\",\"name\":\"Alquima\",\"description\":\"\",\"publisher\":{\"@id\":\"https:\/\/alquima.es\/#organization\"},\"potentialAction\":[{\"@type\":\"SearchAction\",\"target\":{\"@type\":\"EntryPoint\",\"urlTemplate\":\"https:\/\/alquima.es\/?s={search_term_string}\"},\"query-input\":{\"@type\":\"PropertyValueSpecification\",\"valueRequired\":true,\"valueName\":\"search_term_string\"}}],\"inLanguage\":\"en-US\"},{\"@type\":\"Organization\",\"@id\":\"https:\/\/alquima.es\/#organization\",\"name\":\"Alquima\",\"url\":\"https:\/\/alquima.es\/\",\"logo\":{\"@type\":\"ImageObject\",\"inLanguage\":\"en-US\",\"@id\":\"https:\/\/alquima.es\/#\/schema\/logo\/image\/\",\"url\":\"https:\/\/des.alquima.es\/wp-content\/uploads\/2025\/02\/logo1.png\",\"contentUrl\":\"https:\/\/des.alquima.es\/wp-content\/uploads\/2025\/02\/logo1.png\",\"width\":893,\"height\":99,\"caption\":\"Alquima\"},\"image\":{\"@id\":\"https:\/\/alquima.es\/#\/schema\/logo\/image\/\"}}]}<\/script>\n<!-- \/ Yoast SEO plugin. -->","yoast_head_json":{"title":"Pol\u00edtica de Cookies - Alquima","robots":{"index":"index","follow":"follow","max-snippet":"max-snippet:-1","max-image-preview":"max-image-preview:large","max-video-preview":"max-video-preview:-1"},"canonical":"https:\/\/alquima.es\/en\/politica-de-cookies\/","og_locale":"en_US","og_type":"article","og_title":"Pol\u00edtica de Cookies - Alquima","og_description":"Pol\u00edtica de Cookies \u00daltima actualizaci\u00f3n: [30\/06\/2025] 1. \u00bfQu\u00e9 son las cookies? Las cookies son peque\u00f1os archivos de texto que se almacenan en tu dispositivo al visitar un sitio web. Permiten, por ejemplo, garantizar el correcto funcionamiento de la p\u00e1gina, facilitar la navegaci\u00f3n o recordar configuraciones b\u00e1sicas. 2. \u00bfQu\u00e9 tipos de cookies utiliza esta web? En [&hellip;]","og_url":"https:\/\/alquima.es\/en\/politica-de-cookies\/","og_site_name":"Alquima","article_modified_time":"2025-06-30T10:59:00+00:00","twitter_card":"summary_large_image","schema":{"@context":"https:\/\/schema.org","@graph":[{"@type":"WebPage","@id":"https:\/\/alquima.es\/politica-de-cookies\/","url":"https:\/\/alquima.es\/politica-de-cookies\/","name":"Pol\u00edtica de Cookies - Alquima","isPartOf":{"@id":"https:\/\/alquima.es\/#website"},"datePublished":"2025-06-30T10:06:14+00:00","dateModified":"2025-06-30T10:59:00+00:00","breadcrumb":{"@id":"https:\/\/alquima.es\/politica-de-cookies\/#breadcrumb"},"inLanguage":"en-US","potentialAction":[{"@type":"ReadAction","target":["https:\/\/alquima.es\/politica-de-cookies\/"]}]},{"@type":"BreadcrumbList","@id":"https:\/\/alquima.es\/politica-de-cookies\/#breadcrumb","itemListElement":[{"@type":"ListItem","position":1,"name":"Portada","item":"https:\/\/alquima.es\/"},{"@type":"ListItem","position":2,"name":"Pol\u00edtica de Cookies"}]},{"@type":"WebSite","@id":"https:\/\/alquima.es\/#website","url":"https:\/\/alquima.es\/","name":"Alquima","description":"","publisher":{"@id":"https:\/\/alquima.es\/#organization"},"potentialAction":[{"@type":"SearchAction","target":{"@type":"EntryPoint","urlTemplate":"https:\/\/alquima.es\/?s={search_term_string}"},"query-input":{"@type":"PropertyValueSpecification","valueRequired":true,"valueName":"search_term_string"}}],"inLanguage":"en-US"},{"@type":"Organization","@id":"https:\/\/alquima.es\/#organization","name":"Alquima","url":"https:\/\/alquima.es\/","logo":{"@type":"ImageObject","inLanguage":"en-US","@id":"https:\/\/alquima.es\/#\/schema\/logo\/image\/","url":"https:\/\/des.alquima.es\/wp-content\/uploads\/2025\/02\/logo1.png","contentUrl":"https:\/\/des.alquima.es\/wp-content\/uploads\/2025\/02\/logo1.png","width":893,"height":99,"caption":"Alquima"},"image":{"@id":"https:\/\/alquima.es\/#\/schema\/logo\/image\/"}}]}},"_links":{"self":[{"href":"https:\/\/alquima.es\/en\/wp-json\/wp\/v2\/pages\/1140","targetHints":{"allow":["GET"]}}],"collection":[{"href":"https:\/\/alquima.es\/en\/wp-json\/wp\/v2\/pages"}],"about":[{"href":"https:\/\/alquima.es\/en\/wp-json\/wp\/v2\/types\/page"}],"author":[{"embeddable":true,"href":"https:\/\/alquima.es\/en\/wp-json\/wp\/v2\/users\/1"}],"replies":[{"embeddable":true,"href":"https:\/\/alquima.es\/en\/wp-json\/wp\/v2\/comments?post=1140"}],"version-history":[{"count":4,"href":"https:\/\/alquima.es\/en\/wp-json\/wp\/v2\/pages\/1140\/revisions"}],"predecessor-version":[{"id":1178,"href":"https:\/\/alquima.es\/en\/wp-json\/wp\/v2\/pages\/1140\/revisions\/1178"}],"wp:attachment":[{"href":"https:\/\/alquima.es\/en\/wp-json\/wp\/v2\/media?parent=1140"}],"curies":[{"name":"wp","href":"https:\/\/api.w.org\/{rel}","templated":true}]}}